{"id":5343,"date":"2020-01-20T15:31:15","date_gmt":"2020-01-20T14:31:15","guid":{"rendered":"https:\/\/archi-locarno.ch\/virtual-tour\/virtual-tour-wohnung-05\/"},"modified":"2020-02-21T09:41:23","modified_gmt":"2020-02-21T08:41:23","slug":"virtual-tour-wohnung-05","status":"publish","type":"page","link":"https:\/\/archi-locarno.ch\/de\/virtual-tour\/virtual-tour-wohnung-05\/","title":{"rendered":"Virtual Tour Wohnung 05"},"content":{"rendered":"\t\t<div data-elementor-type=\"wp-page\" data-elementor-id=\"5343\" class=\"elementor elementor-5343\">\n\t\t\t\t\t\t<div class=\"elementor-inner\">\n\t\t\t\t<div class=\"elementor-section-wrap\">\n\t\t\t\t\t\t\t\t\t<section class=\"elementor-section elementor-top-section elementor-element elementor-element-2ac5ad9 elementor-section-boxed elementor-section-height-default elementor-section-height-default\" data-id=\"2ac5ad9\" data-element_type=\"section\">\n\t\t\t\t\t\t<div class=\"elementor-container elementor-column-gap-default\">\n\t\t\t\t\t\t\t<div class=\"elementor-row\">\n\t\t\t\t\t<div class=\"elementor-column elementor-col-100 elementor-top-column elementor-element elementor-element-449b042\" data-id=\"449b042\" data-element_type=\"column\">\n\t\t\t<div class=\"elementor-column-wrap\">\n\t\t\t\t\t\t\t<div class=\"elementor-widget-wrap\">\n\t\t\t\t\t\t\t\t<\/div>\n\t\t\t\t\t<\/div>\n\t\t<\/div>\n\t\t\t\t\t\t\t\t<\/div>\n\t\t\t\t\t<\/div>\n\t\t<\/section>\n\t\t\t\t<div class=\"elementor-section elementor-top-section elementor-element elementor-element-5250a8c elementor-section-boxed elementor-section-height-default elementor-section-height-default\" data-id=\"5250a8c\" data-element_type=\"section\">\n\t\t\t\t\t\t<div class=\"elementor-container elementor-column-gap-no\">\n\t\t\t\t\t\t\t<div class=\"elementor-row\">\n\t\t\t\t\t<div class=\"elementor-column elementor-col-100 elementor-top-column elementor-element elementor-element-c6d828f\" data-id=\"c6d828f\" data-element_type=\"column\">\n\t\t\t<div class=\"elementor-column-wrap elementor-element-populated\">\n\t\t\t\t\t\t\t<div class=\"elementor-widget-wrap\">\n\t\t\t\t\t\t<div class=\"elementor-element elementor-element-d11ee26 elementor-align-center animated-fast elementor-invisible elementor-widget elementor-widget-heading\" data-id=\"d11ee26\" data-element_type=\"widget\" data-settings=\"{&quot;_animation&quot;:&quot;opal-move-up&quot;}\" data-widget_type=\"heading.default\">\n\t\t\t\t<div class=\"elementor-widget-container\">\n\t\t\t<span class=\"sub-title\">WOHNUNG 05<\/span><div class=\"heading-decor\"><svg version=\"1.1\" xmlns=\"http:\/\/www.w3.org\/2000\/svg\" viewBox=\"0 0 147 32\"><g class=\"nc-icon-wrapper\" stroke=\"none\"><path d=\"M147.2 16L121.6 0l-24 15.04L73.6 0l-24 15.04L25.6 0 0 16l25.6 16 24-15.04L73.6 32l24-15.04 24 15.04 25.6-16zM25.6 28.8L5.12 16 25.6 3.2 46.08 16 25.6 28.8zm48 0L53.12 16 73.6 3.2 94.08 16 73.6 28.8zm48-25.6L142.08 16 121.6 28.8 101.12 16 121.6 3.2z\"\/><\/g><\/svg><\/div><h2 class=\"elementor-heading-title elementor-size-default\">VIRTUAL TOUR 360<\/h2>\t\t<\/div>\n\t\t\t\t<\/div>\n\t\t\t\t\t\t<\/div>\n\t\t\t\t\t<\/div>\n\t\t<\/div>\n\t\t\t\t\t\t\t\t<\/div>\n\t\t\t\t\t<\/div>\n\t\t<\/div>\n\t\t\t\t<section class=\"elementor-section elementor-top-section elementor-element elementor-element-97d1421 elementor-hidden-phone elementor-section-boxed elementor-section-height-default elementor-section-height-default\" data-id=\"97d1421\" data-element_type=\"section\">\n\t\t\t\t\t\t<div class=\"elementor-container elementor-column-gap-default\">\n\t\t\t\t\t\t\t<div class=\"elementor-row\">\n\t\t\t\t\t<div class=\"elementor-column elementor-col-100 elementor-top-column elementor-element elementor-element-5e7a010\" data-id=\"5e7a010\" data-element_type=\"column\">\n\t\t\t<div class=\"elementor-column-wrap elementor-element-populated\">\n\t\t\t\t\t\t\t<div class=\"elementor-widget-wrap\">\n\t\t\t\t\t\t<div class=\"elementor-section elementor-inner-section elementor-element elementor-element-82c11ae elementor-section-full_width elementor-section-height-default elementor-section-height-default\" data-id=\"82c11ae\" data-element_type=\"section\">\n\t\t\t\t\t\t<div class=\"elementor-container elementor-column-gap-no\">\n\t\t\t\t\t\t\t<div class=\"elementor-row\">\n\t\t\t\t\t<div class=\"elementor-column elementor-col-100 elementor-inner-column elementor-element elementor-element-2d17e57\" data-id=\"2d17e57\" data-element_type=\"column\">\n\t\t\t<div class=\"elementor-column-wrap elementor-element-populated\">\n\t\t\t\t\t\t\t<div class=\"elementor-widget-wrap\">\n\t\t\t\t\t\t<div class=\"elementor-element elementor-element-186b808 elementor-position-right elementor-vertical-align-middle animated-fast imagebox-svg-transform-none elementor-invisible elementor-widget elementor-widget-image-box\" data-id=\"186b808\" data-element_type=\"widget\" data-settings=\"{&quot;_animation&quot;:&quot;opal-move-up&quot;}\" data-widget_type=\"image-box.default\">\n\t\t\t\t<div class=\"elementor-widget-container\">\n\t\t\t<div class=\"elementor-image-box-wrapper\"><div class=\"elementor-image-framed\"><figure class=\"elementor-image-box-img\"><a href=\"https:\/\/archi-locarno.ch\/tour360\/\"><img width=\"850\" height=\"520\" src=\"https:\/\/archi-locarno.ch\/wp-content\/uploads\/2020\/01\/virtual-tour-app05.png\" class=\"elementor-animation-float attachment-full size-full wp-image-5319\" alt=\"Virtual Tour\" decoding=\"async\" loading=\"lazy\" srcset=\"https:\/\/archi-locarno.ch\/wp-content\/uploads\/2020\/01\/virtual-tour-app05.png 850w, https:\/\/archi-locarno.ch\/wp-content\/uploads\/2020\/01\/virtual-tour-app05-300x184.png 300w, https:\/\/archi-locarno.ch\/wp-content\/uploads\/2020\/01\/virtual-tour-app05-768x470.png 768w, https:\/\/archi-locarno.ch\/wp-content\/uploads\/2020\/01\/virtual-tour-app05-400x245.png 400w\" sizes=\"(max-width: 850px) 100vw, 850px\" \/><\/a><\/figure><\/div><div class=\"elementor-image-box-content\"><div class=\"elementor-image-box-sub-title\">2 1\/2 zimmer - 74.40 m<sup>2<\/sup><\/div><h3 class=\"elementor-image-box-title\"><a href=\"https:\/\/archi-locarno.ch\/tour360\/\">Wohnung 05<\/a><\/h3><p class=\"elementor-image-box-description\">Klicke auf das Bild und der Virtual Tour wird auf dem Bildschirm ge\u00f6ffnet. Beginne deine Besichtigung im Wohnzimmer mit den h\u00fcbschen Balkonen, welche noch die originalen, verspielten Gel\u00e4nder haben. Entdecke die K\u00fcche, welche in einer malerischen Nische angelegt ist. Besichtige das Schlafzimmer und der begehbare Schrankraum mit dem sch\u00f6nen Bogen. Vom Gang kannst du das Badzimmer, den Wandschrank und den Raum f\u00fcr den Waschturm entdecken.<\/p><\/div><\/div>\t\t<\/div>\n\t\t\t\t<\/div>\n\t\t\t\t\t\t<\/div>\n\t\t\t\t\t<\/div>\n\t\t<\/div>\n\t\t\t\t\t\t\t\t<\/div>\n\t\t\t\t\t<\/div>\n\t\t<\/div>\n\t\t\t\t\t\t<\/div>\n\t\t\t\t\t<\/div>\n\t\t<\/div>\n\t\t\t\t\t\t\t\t<\/div>\n\t\t\t\t\t<\/div>\n\t\t<\/section>\n\t\t\t\t<section class=\"elementor-section elementor-top-section elementor-element elementor-element-a2a26a6 elementor-hidden-desktop elementor-hidden-tablet elementor-section-boxed elementor-section-height-default elementor-section-height-default\" data-id=\"a2a26a6\" data-element_type=\"section\">\n\t\t\t\t\t\t<div class=\"elementor-container elementor-column-gap-default\">\n\t\t\t\t\t\t\t<div class=\"elementor-row\">\n\t\t\t\t\t<div class=\"elementor-column elementor-col-100 elementor-top-column elementor-element elementor-element-e529929\" data-id=\"e529929\" data-element_type=\"column\">\n\t\t\t<div class=\"elementor-column-wrap elementor-element-populated\">\n\t\t\t\t\t\t\t<div class=\"elementor-widget-wrap\">\n\t\t\t\t\t\t<div class=\"elementor-section elementor-inner-section elementor-element elementor-element-90280e2 elementor-section-full_width elementor-section-height-default elementor-section-height-default\" data-id=\"90280e2\" data-element_type=\"section\">\n\t\t\t\t\t\t<div class=\"elementor-container elementor-column-gap-no\">\n\t\t\t\t\t\t\t<div class=\"elementor-row\">\n\t\t\t\t\t<div class=\"elementor-column elementor-col-100 elementor-inner-column elementor-element elementor-element-3b286ef\" data-id=\"3b286ef\" data-element_type=\"column\">\n\t\t\t<div class=\"elementor-column-wrap elementor-element-populated\">\n\t\t\t\t\t\t\t<div class=\"elementor-widget-wrap\">\n\t\t\t\t\t\t<div class=\"elementor-element elementor-element-12539fc elementor-position-right elementor-vertical-align-middle animated-fast imagebox-svg-transform-none elementor-invisible elementor-widget elementor-widget-image-box\" data-id=\"12539fc\" data-element_type=\"widget\" data-settings=\"{&quot;_animation&quot;:&quot;opal-move-up&quot;}\" data-widget_type=\"image-box.default\">\n\t\t\t\t<div class=\"elementor-widget-container\">\n\t\t\t<div class=\"elementor-image-box-wrapper\"><div class=\"elementor-image-framed\"><figure class=\"elementor-image-box-img\"><a href=\"https:\/\/archi-locarno.ch\/tour360\/\"><img width=\"850\" height=\"520\" src=\"https:\/\/archi-locarno.ch\/wp-content\/uploads\/2020\/01\/virtual-tour-app05.png\" class=\"elementor-animation-float attachment-full size-full wp-image-5319\" alt=\"Virtual Tour\" decoding=\"async\" loading=\"lazy\" srcset=\"https:\/\/archi-locarno.ch\/wp-content\/uploads\/2020\/01\/virtual-tour-app05.png 850w, https:\/\/archi-locarno.ch\/wp-content\/uploads\/2020\/01\/virtual-tour-app05-300x184.png 300w, https:\/\/archi-locarno.ch\/wp-content\/uploads\/2020\/01\/virtual-tour-app05-768x470.png 768w, https:\/\/archi-locarno.ch\/wp-content\/uploads\/2020\/01\/virtual-tour-app05-400x245.png 400w\" sizes=\"(max-width: 850px) 100vw, 850px\" \/><\/a><\/figure><\/div><div class=\"elementor-image-box-content\"><div class=\"elementor-image-box-sub-title\">2 1\/2 zimmer - 74.40 m<sup>2<\/sup><\/div><h3 class=\"elementor-image-box-title\"><a href=\"https:\/\/archi-locarno.ch\/tour360\/\">Wohnung 05<\/a><\/h3><p class=\"elementor-image-box-description\">Klicke auf das Bild und der Virtual Tour wird auf dem Bildschirm ge\u00f6ffnet. Beginne deine Besichtigung im Wohnzimmer mit den h\u00fcbschen Balkonen, welche noch die originalen, verspielten Gel\u00e4nder haben. Entdecke die K\u00fcche, welche in einer malerischen Nische angelegt ist. Besichtige das Schlafzimmer und der begehbare Schrankraum mit dem sch\u00f6nen Bogen. Vom Gang kannst du das Badzimmer, den Wandschrank und den Raum f\u00fcr den Waschturm entdecken.<\/p><\/div><\/div>\t\t<\/div>\n\t\t\t\t<\/div>\n\t\t\t\t<div class=\"elementor-element elementor-element-ffb0074 elementor-button-primary elementor-widget elementor-widget-button\" data-id=\"ffb0074\" data-element_type=\"widget\" data-widget_type=\"button.default\">\n\t\t\t\t<div class=\"elementor-widget-container\">\n\t\t\t        <div class=\"elementor-button-wrapper\">\n            <a href=\"https:\/\/archi-locarno.ch\/tour360\/\" class=\"elementor-button-link elementor-button elementor-size-md button-sweep\" role=\"button\">\n                \t\t<span class=\"elementor-button-content-wrapper\">\n\t\t\t\t\t\t\t<span class=\"elementor-button-icon elementor-align-icon-right\">\n\t\t\t\t\t\t\t\t\t<i class=\"opal-icon-long-arrow-right\" aria-hidden=\"true\"><\/i>\n\t\t\t\t\t\t\t<\/span>\n\t\t\t\t\t\t<span class=\"elementor-button-text\">Virtual tour wohnung 05<\/span>\n\t\t<\/span>\n\t\t            <\/a>\n        <\/div>\n        \t\t<\/div>\n\t\t\t\t<\/div>\n\t\t\t\t\t\t<\/div>\n\t\t\t\t\t<\/div>\n\t\t<\/div>\n\t\t\t\t\t\t\t\t<\/div>\n\t\t\t\t\t<\/div>\n\t\t<\/div>\n\t\t\t\t\t\t<\/div>\n\t\t\t\t\t<\/div>\n\t\t<\/div>\n\t\t\t\t\t\t\t\t<\/div>\n\t\t\t\t\t<\/div>\n\t\t<\/section>\n\t\t\t\t<section class=\"elementor-section elementor-top-section elementor-element elementor-element-5d5a581 elementor-hidden-phone elementor-section-boxed elementor-section-height-default elementor-section-height-default\" data-id=\"5d5a581\" data-element_type=\"section\">\n\t\t\t\t\t\t<div class=\"elementor-container elementor-column-gap-default\">\n\t\t\t\t\t\t\t<div class=\"elementor-row\">\n\t\t\t\t\t<div class=\"elementor-column elementor-col-100 elementor-top-column elementor-element elementor-element-ca6356f\" data-id=\"ca6356f\" data-element_type=\"column\">\n\t\t\t<div class=\"elementor-column-wrap elementor-element-populated\">\n\t\t\t\t\t\t\t<div class=\"elementor-widget-wrap\">\n\t\t\t\t\t\t<div class=\"elementor-element elementor-element-83e9330 elementor-widget elementor-widget-html\" data-id=\"83e9330\" data-element_type=\"widget\" data-widget_type=\"html.default\">\n\t\t\t\t<div class=\"elementor-widget-container\">\n\t\t\t<div style=\"position:relative; height:0; padding-top:100%\"><iframe loading=\"lazy\" style=\"position:absolute; top:0; left:0; width:100%; height:100%;\" src=\"https:\/\/archi-locarno.ch\/tour360\/\" name=\"TOUR wohnung 05\" width=\"100%\" height=\"100%\" frameborder=\"0\" allowfullscreen=\"true\" allow=\"fullscreen; accelerometer; gyroscope; magnetometer; vr\"><\/iframe><\/div>\t\t<\/div>\n\t\t\t\t<\/div>\n\t\t\t\t\t\t<\/div>\n\t\t\t\t\t<\/div>\n\t\t<\/div>\n\t\t\t\t\t\t\t\t<\/div>\n\t\t\t\t\t<\/div>\n\t\t<\/section>\n\t\t\t\t<section class=\"elementor-section elementor-top-section elementor-element elementor-element-a8af818 elementor-section-boxed elementor-section-height-default elementor-section-height-default\" data-id=\"a8af818\" data-element_type=\"section\">\n\t\t\t\t\t\t<div class=\"elementor-container elementor-column-gap-default\">\n\t\t\t\t\t\t\t<div class=\"elementor-row\">\n\t\t\t\t\t<div class=\"elementor-column elementor-col-100 elementor-top-column elementor-element elementor-element-b0c18ff\" data-id=\"b0c18ff\" data-element_type=\"column\">\n\t\t\t<div class=\"elementor-column-wrap elementor-element-populated\">\n\t\t\t\t\t\t\t<div class=\"elementor-widget-wrap\">\n\t\t\t\t\t\t<div class=\"elementor-section elementor-inner-section elementor-element elementor-element-6dfdb69 elementor-section-boxed elementor-section-height-default elementor-section-height-default\" data-id=\"6dfdb69\" data-element_type=\"section\">\n\t\t\t\t\t\t<div class=\"elementor-container elementor-column-gap-no\">\n\t\t\t\t\t\t\t<div class=\"elementor-row\">\n\t\t\t\t\t<div class=\"elementor-column elementor-col-50 elementor-inner-column elementor-element elementor-element-45628fc animated-fast elementor-invisible\" data-id=\"45628fc\" data-element_type=\"column\" data-settings=\"{&quot;animation&quot;:&quot;opal-move-up&quot;}\">\n\t\t\t<div class=\"elementor-column-wrap elementor-element-populated\">\n\t\t\t\t\t\t\t<div class=\"elementor-widget-wrap\">\n\t\t\t\t\t\t<div class=\"elementor-element elementor-element-241aa35 elementor-widget elementor-widget-text-editor\" data-id=\"241aa35\" data-element_type=\"widget\" data-widget_type=\"text-editor.default\">\n\t\t\t\t<div class=\"elementor-widget-container\">\n\t\t\t        <div class=\"elementor-text-editor elementor-clearfix\"><p>Klicke auf das Bild und der Virtual Tour wird auf dem Bildschirm ge\u00f6ffnet.\u00a0Auf dem Grundriss sind die Standpunkte rot markiert. Mit Klick auf dem Bildschirm und gedr\u00fcckter linker Maustaste ist es m\u00f6glich, einen Rundgang in der Wohnung zu machen.<\/p>\n<\/div>\n        \t\t<\/div>\n\t\t\t\t<\/div>\n\t\t\t\t\t\t<\/div>\n\t\t\t\t\t<\/div>\n\t\t<\/div>\n\t\t\t\t<div class=\"elementor-column elementor-col-50 elementor-inner-column elementor-element elementor-element-c7b3d2f animated-fast elementor-invisible\" data-id=\"c7b3d2f\" data-element_type=\"column\" data-settings=\"{&quot;animation&quot;:&quot;opal-move-up&quot;,&quot;animation_delay&quot;:150}\">\n\t\t\t<div class=\"elementor-column-wrap elementor-element-populated\">\n\t\t\t\t\t\t\t<div class=\"elementor-widget-wrap\">\n\t\t\t\t\t\t<div class=\"elementor-element elementor-element-c74c7dc elementor-widget elementor-widget-text-editor\" data-id=\"c74c7dc\" data-element_type=\"widget\" data-widget_type=\"text-editor.default\">\n\t\t\t\t<div class=\"elementor-widget-container\">\n\t\t\t        <div class=\"elementor-text-editor elementor-clearfix\"><p>Um die Sichtposition zu wechseln klickt man auf die weissen Pfeile oder auf einen roten Punkt im Plan. Mit einem mobilen Ger\u00e4t ist es m\u00f6glich, durch Bewegung des Ger\u00e4tes den Rundgang zu machen.<\/p>\n<\/div>\n        \t\t<\/div>\n\t\t\t\t<\/div>\n\t\t\t\t\t\t<\/div>\n\t\t\t\t\t<\/div>\n\t\t<\/div>\n\t\t\t\t\t\t\t\t<\/div>\n\t\t\t\t\t<\/div>\n\t\t<\/div>\n\t\t\t\t\t\t<\/div>\n\t\t\t\t\t<\/div>\n\t\t<\/div>\n\t\t\t\t\t\t\t\t<\/div>\n\t\t\t\t\t<\/div>\n\t\t<\/section>\n\t\t\t\t<section class=\"elementor-section elementor-top-section elementor-element elementor-element-a5731e4 elementor-hidden-phone elementor-section-boxed elementor-section-height-default elementor-section-height-default\" data-id=\"a5731e4\" data-element_type=\"section\">\n\t\t\t\t\t\t<div class=\"elementor-container elementor-column-gap-default\">\n\t\t\t\t\t\t\t<div class=\"elementor-row\">\n\t\t\t\t\t<div class=\"elementor-column elementor-col-100 elementor-top-column elementor-element elementor-element-92764fc\" data-id=\"92764fc\" data-element_type=\"column\">\n\t\t\t<div class=\"elementor-column-wrap elementor-element-populated\">\n\t\t\t\t\t\t\t<div class=\"elementor-widget-wrap\">\n\t\t\t\t\t\t<div class=\"elementor-element elementor-element-9835166 elementor-button-primary elementor-widget elementor-widget-button\" data-id=\"9835166\" data-element_type=\"widget\" data-widget_type=\"button.default\">\n\t\t\t\t<div class=\"elementor-widget-container\">\n\t\t\t        <div class=\"elementor-button-wrapper\">\n            <a href=\"https:\/\/archi-locarno.ch\/tour360\/\" class=\"elementor-button-link elementor-button elementor-size-md\" role=\"button\">\n                \t\t<span class=\"elementor-button-content-wrapper\">\n\t\t\t\t\t\t\t<span class=\"elementor-button-icon elementor-align-icon-right\">\n\t\t\t\t\t\t\t\t\t<i class=\"opal-icon-long-arrow-right\" aria-hidden=\"true\"><\/i>\n\t\t\t\t\t\t\t<\/span>\n\t\t\t\t\t\t<span class=\"elementor-button-text\">Virtual tour wohnung 05 full screen<\/span>\n\t\t<\/span>\n\t\t            <\/a>\n        <\/div>\n        \t\t<\/div>\n\t\t\t\t<\/div>\n\t\t\t\t\t\t<\/div>\n\t\t\t\t\t<\/div>\n\t\t<\/div>\n\t\t\t\t\t\t\t\t<\/div>\n\t\t\t\t\t<\/div>\n\t\t<\/section>\n\t\t\t\t\t\t\t\t\t<\/div>\n\t\t\t<\/div>\n\t\t\t\t\t<\/div>\n\t\t","protected":false},"excerpt":{"rendered":"<p>WOHNUNG 05 VIRTUAL TOUR 360 2 1\/2 zimmer &#8211; 74.40 m2 Wohnung 05 Klicke auf das Bild und der Virtual Tour wird auf dem Bildschirm ge\u00f6ffnet. Beginne deine Besichtigung im Wohnzimmer mit den h\u00fcbschen Balkonen, welche noch die originalen, verspielten Gel\u00e4nder haben. Entdecke die K\u00fcche, welche in einer malerischen Nische angelegt ist. Besichtige das Schlafzimmer &hellip; <span class=\"more-link-wrap\"><a href=\"https:\/\/archi-locarno.ch\/de\/virtual-tour\/virtual-tour-wohnung-05\/\" class=\"more-link\">Read More <span class=\"screen-reader-text\"> &#8222;Virtual Tour Wohnung 05&#8220;<\/span><\/a><\/span><\/p>\n","protected":false},"author":2,"featured_media":4589,"parent":5312,"menu_order":1,"comment_status":"closed","ping_status":"closed","template":"","meta":{"inline_featured_image":false},"acf":[],"yoast_head":"<!-- This site is optimized with the Yoast SEO plugin v21.1 - https:\/\/yoast.com\/wordpress\/plugins\/seo\/ -->\n<title>Virtual Tour Wohnung 05 | Residenza Archi | Locarno<\/title>\n<meta name=\"description\" content=\"Schaue dir die Wohnungen mit einer virtuellen tour an.\" \/>\n<meta name=\"robots\" content=\"index, follow, max-snippet:-1, max-image-preview:large, max-video-preview:-1\" \/>\n<link rel=\"canonical\" href=\"https:\/\/archi-locarno.ch\/de\/virtual-tour\/virtual-tour-wohnung-05\/\" \/>\n<meta property=\"og:locale\" content=\"de_DE\" \/>\n<meta property=\"og:type\" content=\"article\" \/>\n<meta property=\"og:title\" content=\"Virtual Tour Wohnung 05 | Residenza Archi | Locarno\" \/>\n<meta property=\"og:description\" content=\"Schaue dir die Wohnungen mit einer virtuellen tour an.\" \/>\n<meta property=\"og:url\" content=\"https:\/\/archi-locarno.ch\/de\/virtual-tour\/virtual-tour-wohnung-05\/\" \/>\n<meta property=\"og:site_name\" content=\"Residenza Archi\" \/>\n<meta property=\"article:modified_time\" content=\"2020-02-21T08:41:23+00:00\" \/>\n<meta property=\"og:image\" content=\"https:\/\/archi-locarno.ch\/wp-content\/uploads\/2020\/01\/virtual-tour-appartamento-05_ArchiLocarno_JonathanSabbadini.png\" \/>\n\t<meta property=\"og:image:width\" content=\"802\" \/>\n\t<meta property=\"og:image:height\" content=\"520\" \/>\n\t<meta property=\"og:image:type\" content=\"image\/png\" \/>\n<meta name=\"twitter:card\" content=\"summary_large_image\" \/>\n<meta name=\"twitter:label1\" content=\"Gesch\u00e4tzte Lesezeit\" \/>\n\t<meta name=\"twitter:data1\" content=\"1\u00a0Minute\" \/>\n<script type=\"application\/ld+json\" class=\"yoast-schema-graph\">{\"@context\":\"https:\/\/schema.org\",\"@graph\":[{\"@type\":\"WebPage\",\"@id\":\"https:\/\/archi-locarno.ch\/de\/virtual-tour\/virtual-tour-wohnung-05\/\",\"url\":\"https:\/\/archi-locarno.ch\/de\/virtual-tour\/virtual-tour-wohnung-05\/\",\"name\":\"Virtual Tour Wohnung 05 | Residenza Archi | Locarno\",\"isPartOf\":{\"@id\":\"https:\/\/archi-locarno.ch\/#website\"},\"datePublished\":\"2020-01-20T14:31:15+00:00\",\"dateModified\":\"2020-02-21T08:41:23+00:00\",\"description\":\"Schaue dir die Wohnungen mit einer virtuellen tour an.\",\"breadcrumb\":{\"@id\":\"https:\/\/archi-locarno.ch\/de\/virtual-tour\/virtual-tour-wohnung-05\/#breadcrumb\"},\"inLanguage\":\"de\",\"potentialAction\":[{\"@type\":\"ReadAction\",\"target\":[\"https:\/\/archi-locarno.ch\/de\/virtual-tour\/virtual-tour-wohnung-05\/\"]}]},{\"@type\":\"BreadcrumbList\",\"@id\":\"https:\/\/archi-locarno.ch\/de\/virtual-tour\/virtual-tour-wohnung-05\/#breadcrumb\",\"itemListElement\":[{\"@type\":\"ListItem\",\"position\":1,\"name\":\"Home\",\"item\":\"https:\/\/archi-locarno.ch\/de\/\"},{\"@type\":\"ListItem\",\"position\":2,\"name\":\"Virtual Tour\",\"item\":\"https:\/\/archi-locarno.ch\/de\/virtual-tour\/\"},{\"@type\":\"ListItem\",\"position\":3,\"name\":\"Virtual Tour Wohnung 05\"}]},{\"@type\":\"WebSite\",\"@id\":\"https:\/\/archi-locarno.ch\/#website\",\"url\":\"https:\/\/archi-locarno.ch\/\",\"name\":\"Residenza Archi\",\"description\":\"Appartamenti in affitto a Locarno\",\"publisher\":{\"@id\":\"https:\/\/archi-locarno.ch\/#organization\"},\"potentialAction\":[{\"@type\":\"SearchAction\",\"target\":{\"@type\":\"EntryPoint\",\"urlTemplate\":\"https:\/\/archi-locarno.ch\/?s={search_term_string}\"},\"query-input\":\"required name=search_term_string\"}],\"inLanguage\":\"de\"},{\"@type\":\"Organization\",\"@id\":\"https:\/\/archi-locarno.ch\/#organization\",\"name\":\"Residenza Archi Locarno\",\"url\":\"https:\/\/archi-locarno.ch\/\",\"logo\":{\"@type\":\"ImageObject\",\"inLanguage\":\"de\",\"@id\":\"https:\/\/archi-locarno.ch\/#\/schema\/logo\/image\/\",\"url\":\"https:\/\/archi-locarno.ch\/wp-content\/uploads\/2020\/01\/logo-archi-512.png\",\"contentUrl\":\"https:\/\/archi-locarno.ch\/wp-content\/uploads\/2020\/01\/logo-archi-512.png\",\"width\":530,\"height\":512,\"caption\":\"Residenza Archi Locarno\"},\"image\":{\"@id\":\"https:\/\/archi-locarno.ch\/#\/schema\/logo\/image\/\"}}]}<\/script>\n<!-- \/ Yoast SEO plugin. -->","yoast_head_json":{"title":"Virtual Tour Wohnung 05 | Residenza Archi | Locarno","description":"Schaue dir die Wohnungen mit einer virtuellen tour an.","robots":{"index":"index","follow":"follow","max-snippet":"max-snippet:-1","max-image-preview":"max-image-preview:large","max-video-preview":"max-video-preview:-1"},"canonical":"https:\/\/archi-locarno.ch\/de\/virtual-tour\/virtual-tour-wohnung-05\/","og_locale":"de_DE","og_type":"article","og_title":"Virtual Tour Wohnung 05 | Residenza Archi | Locarno","og_description":"Schaue dir die Wohnungen mit einer virtuellen tour an.","og_url":"https:\/\/archi-locarno.ch\/de\/virtual-tour\/virtual-tour-wohnung-05\/","og_site_name":"Residenza Archi","article_modified_time":"2020-02-21T08:41:23+00:00","og_image":[{"width":802,"height":520,"url":"https:\/\/archi-locarno.ch\/wp-content\/uploads\/2020\/01\/virtual-tour-appartamento-05_ArchiLocarno_JonathanSabbadini.png","type":"image\/png"}],"twitter_card":"summary_large_image","twitter_misc":{"Gesch\u00e4tzte Lesezeit":"1\u00a0Minute"},"schema":{"@context":"https:\/\/schema.org","@graph":[{"@type":"WebPage","@id":"https:\/\/archi-locarno.ch\/de\/virtual-tour\/virtual-tour-wohnung-05\/","url":"https:\/\/archi-locarno.ch\/de\/virtual-tour\/virtual-tour-wohnung-05\/","name":"Virtual Tour Wohnung 05 | Residenza Archi | Locarno","isPartOf":{"@id":"https:\/\/archi-locarno.ch\/#website"},"datePublished":"2020-01-20T14:31:15+00:00","dateModified":"2020-02-21T08:41:23+00:00","description":"Schaue dir die Wohnungen mit einer virtuellen tour an.","breadcrumb":{"@id":"https:\/\/archi-locarno.ch\/de\/virtual-tour\/virtual-tour-wohnung-05\/#breadcrumb"},"inLanguage":"de","potentialAction":[{"@type":"ReadAction","target":["https:\/\/archi-locarno.ch\/de\/virtual-tour\/virtual-tour-wohnung-05\/"]}]},{"@type":"BreadcrumbList","@id":"https:\/\/archi-locarno.ch\/de\/virtual-tour\/virtual-tour-wohnung-05\/#breadcrumb","itemListElement":[{"@type":"ListItem","position":1,"name":"Home","item":"https:\/\/archi-locarno.ch\/de\/"},{"@type":"ListItem","position":2,"name":"Virtual Tour","item":"https:\/\/archi-locarno.ch\/de\/virtual-tour\/"},{"@type":"ListItem","position":3,"name":"Virtual Tour Wohnung 05"}]},{"@type":"WebSite","@id":"https:\/\/archi-locarno.ch\/#website","url":"https:\/\/archi-locarno.ch\/","name":"Residenza Archi","description":"Appartamenti in affitto a Locarno","publisher":{"@id":"https:\/\/archi-locarno.ch\/#organization"},"potentialAction":[{"@type":"SearchAction","target":{"@type":"EntryPoint","urlTemplate":"https:\/\/archi-locarno.ch\/?s={search_term_string}"},"query-input":"required name=search_term_string"}],"inLanguage":"de"},{"@type":"Organization","@id":"https:\/\/archi-locarno.ch\/#organization","name":"Residenza Archi Locarno","url":"https:\/\/archi-locarno.ch\/","logo":{"@type":"ImageObject","inLanguage":"de","@id":"https:\/\/archi-locarno.ch\/#\/schema\/logo\/image\/","url":"https:\/\/archi-locarno.ch\/wp-content\/uploads\/2020\/01\/logo-archi-512.png","contentUrl":"https:\/\/archi-locarno.ch\/wp-content\/uploads\/2020\/01\/logo-archi-512.png","width":530,"height":512,"caption":"Residenza Archi Locarno"},"image":{"@id":"https:\/\/archi-locarno.ch\/#\/schema\/logo\/image\/"}}]}},"_links":{"self":[{"href":"https:\/\/archi-locarno.ch\/de\/wp-json\/wp\/v2\/pages\/5343"}],"collection":[{"href":"https:\/\/archi-locarno.ch\/de\/wp-json\/wp\/v2\/pages"}],"about":[{"href":"https:\/\/archi-locarno.ch\/de\/wp-json\/wp\/v2\/types\/page"}],"author":[{"embeddable":true,"href":"https:\/\/archi-locarno.ch\/de\/wp-json\/wp\/v2\/users\/2"}],"replies":[{"embeddable":true,"href":"https:\/\/archi-locarno.ch\/de\/wp-json\/wp\/v2\/comments?post=5343"}],"version-history":[{"count":14,"href":"https:\/\/archi-locarno.ch\/de\/wp-json\/wp\/v2\/pages\/5343\/revisions"}],"predecessor-version":[{"id":5511,"href":"https:\/\/archi-locarno.ch\/de\/wp-json\/wp\/v2\/pages\/5343\/revisions\/5511"}],"up":[{"embeddable":true,"href":"https:\/\/archi-locarno.ch\/de\/wp-json\/wp\/v2\/pages\/5312"}],"wp:featuredmedia":[{"embeddable":true,"href":"https:\/\/archi-locarno.ch\/de\/wp-json\/wp\/v2\/media\/4589"}],"wp:attachment":[{"href":"https:\/\/archi-locarno.ch\/de\/wp-json\/wp\/v2\/media?parent=5343"}],"curies":[{"name":"wp","href":"https:\/\/api.w.org\/{rel}","templated":true}]}}