{"id":5328,"date":"2020-01-26T03:19:47","date_gmt":"2020-01-26T02:19:47","guid":{"rendered":"https:\/\/archi-locarno.ch\/virtual-tour\/virtual-tour-wohnung-16\/"},"modified":"2020-02-07T14:29:34","modified_gmt":"2020-02-07T13:29:34","slug":"virtual-tour-wohnung-16","status":"publish","type":"page","link":"https:\/\/archi-locarno.ch\/de\/virtual-tour\/virtual-tour-wohnung-16\/","title":{"rendered":"Virtual Tour Wohnung 16"},"content":{"rendered":"\t\t<div data-elementor-type=\"wp-page\" data-elementor-id=\"5328\" class=\"elementor elementor-5328\">\n\t\t\t\t\t\t<div class=\"elementor-inner\">\n\t\t\t\t<div class=\"elementor-section-wrap\">\n\t\t\t\t\t\t\t\t\t<div class=\"elementor-section elementor-top-section elementor-element elementor-element-3b178b8 elementor-section-boxed elementor-section-height-default elementor-section-height-default\" data-id=\"3b178b8\" data-element_type=\"section\">\n\t\t\t\t\t\t<div class=\"elementor-container elementor-column-gap-no\">\n\t\t\t\t\t\t\t<div class=\"elementor-row\">\n\t\t\t\t\t<div class=\"elementor-column elementor-col-100 elementor-top-column elementor-element elementor-element-cdbfadb\" data-id=\"cdbfadb\" data-element_type=\"column\">\n\t\t\t<div class=\"elementor-column-wrap elementor-element-populated\">\n\t\t\t\t\t\t\t<div class=\"elementor-widget-wrap\">\n\t\t\t\t\t\t<div class=\"elementor-element elementor-element-4ce8cbb elementor-align-center animated-fast elementor-invisible elementor-widget elementor-widget-heading\" data-id=\"4ce8cbb\" data-element_type=\"widget\" data-settings=\"{&quot;_animation&quot;:&quot;opal-move-up&quot;}\" data-widget_type=\"heading.default\">\n\t\t\t\t<div class=\"elementor-widget-container\">\n\t\t\t<span class=\"sub-title\">WOHNUNG 16<\/span><div class=\"heading-decor\"><svg version=\"1.1\" xmlns=\"http:\/\/www.w3.org\/2000\/svg\" viewBox=\"0 0 147 32\"><g class=\"nc-icon-wrapper\" stroke=\"none\"><path d=\"M147.2 16L121.6 0l-24 15.04L73.6 0l-24 15.04L25.6 0 0 16l25.6 16 24-15.04L73.6 32l24-15.04 24 15.04 25.6-16zM25.6 28.8L5.12 16 25.6 3.2 46.08 16 25.6 28.8zm48 0L53.12 16 73.6 3.2 94.08 16 73.6 28.8zm48-25.6L142.08 16 121.6 28.8 101.12 16 121.6 3.2z\"\/><\/g><\/svg><\/div><h2 class=\"elementor-heading-title elementor-size-default\">VIRTUAL TOUR 360<\/h2>\t\t<\/div>\n\t\t\t\t<\/div>\n\t\t\t\t\t\t<\/div>\n\t\t\t\t\t<\/div>\n\t\t<\/div>\n\t\t\t\t\t\t\t\t<\/div>\n\t\t\t\t\t<\/div>\n\t\t<\/div>\n\t\t\t\t<section class=\"elementor-section elementor-top-section elementor-element elementor-element-23f5a92 elementor-hidden-phone elementor-section-boxed elementor-section-height-default elementor-section-height-default\" data-id=\"23f5a92\" data-element_type=\"section\">\n\t\t\t\t\t\t<div class=\"elementor-container elementor-column-gap-default\">\n\t\t\t\t\t\t\t<div class=\"elementor-row\">\n\t\t\t\t\t<div class=\"elementor-column elementor-col-100 elementor-top-column elementor-element elementor-element-36ccadb\" data-id=\"36ccadb\" data-element_type=\"column\">\n\t\t\t<div class=\"elementor-column-wrap elementor-element-populated\">\n\t\t\t\t\t\t\t<div class=\"elementor-widget-wrap\">\n\t\t\t\t\t\t<div class=\"elementor-section elementor-inner-section elementor-element elementor-element-553fca6 elementor-section-full_width elementor-hidden-phone elementor-section-height-default elementor-section-height-default\" data-id=\"553fca6\" data-element_type=\"section\">\n\t\t\t\t\t\t<div class=\"elementor-container elementor-column-gap-no\">\n\t\t\t\t\t\t\t<div class=\"elementor-row\">\n\t\t\t\t\t<div class=\"elementor-column elementor-col-100 elementor-inner-column elementor-element elementor-element-6cde731\" data-id=\"6cde731\" data-element_type=\"column\">\n\t\t\t<div class=\"elementor-column-wrap elementor-element-populated\">\n\t\t\t\t\t\t\t<div class=\"elementor-widget-wrap\">\n\t\t\t\t\t\t<div class=\"elementor-element elementor-element-f8a160f elementor-position-right elementor-vertical-align-middle animated-fast imagebox-svg-transform-none elementor-invisible elementor-widget elementor-widget-image-box\" data-id=\"f8a160f\" data-element_type=\"widget\" data-settings=\"{&quot;_animation&quot;:&quot;opal-move-up&quot;}\" data-widget_type=\"image-box.default\">\n\t\t\t\t<div class=\"elementor-widget-container\">\n\t\t\t<div class=\"elementor-image-box-wrapper\"><div class=\"elementor-image-framed\"><figure class=\"elementor-image-box-img\"><a href=\"https:\/\/archi-locarno.ch\/tour360_WHG_16\/\" target=\"_blank\"><img width=\"850\" height=\"520\" src=\"https:\/\/archi-locarno.ch\/wp-content\/uploads\/2020\/01\/virtual-tour-app16_ArchiLocarno.png\" class=\"elementor-animation-float attachment-full size-full wp-image-5318\" alt=\"Virtual Tour Wohnung 16 - render Jonathan Sabbadini\" decoding=\"async\" loading=\"lazy\" srcset=\"https:\/\/archi-locarno.ch\/wp-content\/uploads\/2020\/01\/virtual-tour-app16_ArchiLocarno.png 850w, https:\/\/archi-locarno.ch\/wp-content\/uploads\/2020\/01\/virtual-tour-app16_ArchiLocarno-300x184.png 300w, https:\/\/archi-locarno.ch\/wp-content\/uploads\/2020\/01\/virtual-tour-app16_ArchiLocarno-768x470.png 768w, https:\/\/archi-locarno.ch\/wp-content\/uploads\/2020\/01\/virtual-tour-app16_ArchiLocarno-400x245.png 400w\" sizes=\"(max-width: 850px) 100vw, 850px\" \/><\/a><\/figure><\/div><div class=\"elementor-image-box-content\"><div class=\"elementor-image-box-sub-title\">2 1\/2 zimmer - 77.60 m<sup>2<\/sup><\/div><h3 class=\"elementor-image-box-title\"><a href=\"https:\/\/archi-locarno.ch\/tour360_WHG_16\/\" target=\"_blank\">Wohnung 16<\/a><\/h3><p class=\"elementor-image-box-description\">Klicke auf das Bild und der Virtual Tour wird auf dem Bildschirm ge\u00f6ffnet. Die Besichtigung beginnt im Wohnzimmer mit den hohen Fenstern und dem kleinen Balkon mit dem originalen, verspielten Gel\u00e4nder. Der Besuch f\u00fchrt in die K\u00fcche, welche mit modernen Ger\u00e4ten eingerichtet ist. Vom Korridor erkennt man das Badzimmer und den Wandschank. Besichtige das Schlafzimmer und der zus\u00e4tzliche Raum f\u00fcr den Schrank.<\/p><\/div><\/div>\t\t<\/div>\n\t\t\t\t<\/div>\n\t\t\t\t\t\t<\/div>\n\t\t\t\t\t<\/div>\n\t\t<\/div>\n\t\t\t\t\t\t\t\t<\/div>\n\t\t\t\t\t<\/div>\n\t\t<\/div>\n\t\t\t\t\t\t<\/div>\n\t\t\t\t\t<\/div>\n\t\t<\/div>\n\t\t\t\t\t\t\t\t<\/div>\n\t\t\t\t\t<\/div>\n\t\t<\/section>\n\t\t\t\t<section class=\"elementor-section elementor-top-section elementor-element elementor-element-37acb74 elementor-hidden-desktop elementor-hidden-tablet elementor-section-boxed elementor-section-height-default elementor-section-height-default\" data-id=\"37acb74\" data-element_type=\"section\">\n\t\t\t\t\t\t<div class=\"elementor-container elementor-column-gap-default\">\n\t\t\t\t\t\t\t<div class=\"elementor-row\">\n\t\t\t\t\t<div class=\"elementor-column elementor-col-100 elementor-top-column elementor-element elementor-element-fbb3a28\" data-id=\"fbb3a28\" data-element_type=\"column\">\n\t\t\t<div class=\"elementor-column-wrap elementor-element-populated\">\n\t\t\t\t\t\t\t<div class=\"elementor-widget-wrap\">\n\t\t\t\t\t\t<div class=\"elementor-section elementor-inner-section elementor-element elementor-element-6ff0fd5 elementor-section-full_width elementor-section-height-default elementor-section-height-default\" data-id=\"6ff0fd5\" data-element_type=\"section\">\n\t\t\t\t\t\t<div class=\"elementor-container elementor-column-gap-no\">\n\t\t\t\t\t\t\t<div class=\"elementor-row\">\n\t\t\t\t\t<div class=\"elementor-column elementor-col-100 elementor-inner-column elementor-element elementor-element-2fc795a\" data-id=\"2fc795a\" data-element_type=\"column\">\n\t\t\t<div class=\"elementor-column-wrap elementor-element-populated\">\n\t\t\t\t\t\t\t<div class=\"elementor-widget-wrap\">\n\t\t\t\t\t\t<div class=\"elementor-element elementor-element-e5480bf elementor-position-right elementor-vertical-align-middle animated-fast elementor-hidden-desktop imagebox-svg-transform-none elementor-invisible elementor-widget elementor-widget-image-box\" data-id=\"e5480bf\" data-element_type=\"widget\" data-settings=\"{&quot;_animation&quot;:&quot;opal-move-up&quot;}\" data-widget_type=\"image-box.default\">\n\t\t\t\t<div class=\"elementor-widget-container\">\n\t\t\t<div class=\"elementor-image-box-wrapper\"><div class=\"elementor-image-framed\"><figure class=\"elementor-image-box-img\"><a href=\"https:\/\/archi-locarno.ch\/tour360_WHG_16\/\" target=\"_blank\"><img width=\"850\" height=\"520\" src=\"https:\/\/archi-locarno.ch\/wp-content\/uploads\/2020\/01\/virtual-tour-app16_ArchiLocarno.png\" class=\"elementor-animation-float attachment-full size-full wp-image-5318\" alt=\"Virtual Tour Wohnung 16 - render Jonathan Sabbadini\" decoding=\"async\" loading=\"lazy\" srcset=\"https:\/\/archi-locarno.ch\/wp-content\/uploads\/2020\/01\/virtual-tour-app16_ArchiLocarno.png 850w, https:\/\/archi-locarno.ch\/wp-content\/uploads\/2020\/01\/virtual-tour-app16_ArchiLocarno-300x184.png 300w, https:\/\/archi-locarno.ch\/wp-content\/uploads\/2020\/01\/virtual-tour-app16_ArchiLocarno-768x470.png 768w, https:\/\/archi-locarno.ch\/wp-content\/uploads\/2020\/01\/virtual-tour-app16_ArchiLocarno-400x245.png 400w\" sizes=\"(max-width: 850px) 100vw, 850px\" \/><\/a><\/figure><\/div><div class=\"elementor-image-box-content\"><div class=\"elementor-image-box-sub-title\">2 1\/2 zimmer - 77.60 m<sup>2<\/sup><\/div><h3 class=\"elementor-image-box-title\"><a href=\"https:\/\/archi-locarno.ch\/tour360_WHG_16\/\" target=\"_blank\">Wohnung 16<\/a><\/h3><p class=\"elementor-image-box-description\">Klicke auf das Bild und der Virtual Tour wird auf dem Bildschirm ge\u00f6ffnet. Die Besichtigung beginnt im Wohnzimmer mit den hohen Fenstern und dem kleinen Balkon mit dem originalen, verspielten Gel\u00e4nder. Der Besuch f\u00fchrt in die K\u00fcche, welche mit modernen Ger\u00e4ten eingerichtet ist. Vom Korridor erkennt man das Badzimmer und den Wandschank. Besichtige das Schlafzimmer und der zus\u00e4tzliche Raum f\u00fcr den Schrank.<\/p><\/div><\/div>\t\t<\/div>\n\t\t\t\t<\/div>\n\t\t\t\t<div class=\"elementor-element elementor-element-ba3920f elementor-align-left elementor-button-primary elementor-widget elementor-widget-button\" data-id=\"ba3920f\" data-element_type=\"widget\" data-widget_type=\"button.default\">\n\t\t\t\t<div class=\"elementor-widget-container\">\n\t\t\t        <div class=\"elementor-button-wrapper\">\n            <a href=\"https:\/\/archi-locarno.ch\/tour360_WHG_16\/\" class=\"elementor-button-link elementor-button elementor-size-md button-sweep\" target=\"_blank\" role=\"button\">\n                \t\t<span class=\"elementor-button-content-wrapper\">\n\t\t\t\t\t\t\t<span class=\"elementor-button-icon elementor-align-icon-right\">\n\t\t\t\t\t\t\t\t\t<i class=\"opal-icon-long-arrow-right\" aria-hidden=\"true\"><\/i>\n\t\t\t\t\t\t\t<\/span>\n\t\t\t\t\t\t<span class=\"elementor-button-text\">Virtual Tour Wohnung 16<\/span>\n\t\t<\/span>\n\t\t            <\/a>\n        <\/div>\n        \t\t<\/div>\n\t\t\t\t<\/div>\n\t\t\t\t\t\t<\/div>\n\t\t\t\t\t<\/div>\n\t\t<\/div>\n\t\t\t\t\t\t\t\t<\/div>\n\t\t\t\t\t<\/div>\n\t\t<\/div>\n\t\t\t\t\t\t<\/div>\n\t\t\t\t\t<\/div>\n\t\t<\/div>\n\t\t\t\t\t\t\t\t<\/div>\n\t\t\t\t\t<\/div>\n\t\t<\/section>\n\t\t\t\t<section class=\"elementor-section elementor-top-section elementor-element elementor-element-d515250 elementor-hidden-phone elementor-section-boxed elementor-section-height-default elementor-section-height-default\" data-id=\"d515250\" data-element_type=\"section\">\n\t\t\t\t\t\t<div class=\"elementor-container elementor-column-gap-default\">\n\t\t\t\t\t\t\t<div class=\"elementor-row\">\n\t\t\t\t\t<div class=\"elementor-column elementor-col-100 elementor-top-column elementor-element elementor-element-baae80a\" data-id=\"baae80a\" data-element_type=\"column\">\n\t\t\t<div class=\"elementor-column-wrap elementor-element-populated\">\n\t\t\t\t\t\t\t<div class=\"elementor-widget-wrap\">\n\t\t\t\t\t\t<div class=\"elementor-element elementor-element-5fbb8f0 elementor-widget elementor-widget-html\" data-id=\"5fbb8f0\" data-element_type=\"widget\" data-widget_type=\"html.default\">\n\t\t\t\t<div class=\"elementor-widget-container\">\n\t\t\t<div style=\"position:relative; height:0; padding-top:100%\"><iframe loading=\"lazy\" style=\"position:absolute; top:0; left:0; width:100%; height:100%;\" src=\"https:\/\/archi-locarno.ch\/tour360_WHG_16\/\" name=\"TOUR whg 16\" width=\"100%\" height=\"100%\" frameborder=\"0\" allowfullscreen=\"true\" allow=\"fullscreen; accelerometer; gyroscope; magnetometer; vr\"><\/iframe><\/div>\t\t<\/div>\n\t\t\t\t<\/div>\n\t\t\t\t\t\t<\/div>\n\t\t\t\t\t<\/div>\n\t\t<\/div>\n\t\t\t\t\t\t\t\t<\/div>\n\t\t\t\t\t<\/div>\n\t\t<\/section>\n\t\t\t\t<section class=\"elementor-section elementor-top-section elementor-element elementor-element-cfe80a0 elementor-section-boxed elementor-section-height-default elementor-section-height-default\" data-id=\"cfe80a0\" data-element_type=\"section\">\n\t\t\t\t\t\t<div class=\"elementor-container elementor-column-gap-default\">\n\t\t\t\t\t\t\t<div class=\"elementor-row\">\n\t\t\t\t\t<div class=\"elementor-column elementor-col-100 elementor-top-column elementor-element elementor-element-6932780\" data-id=\"6932780\" data-element_type=\"column\">\n\t\t\t<div class=\"elementor-column-wrap elementor-element-populated\">\n\t\t\t\t\t\t\t<div class=\"elementor-widget-wrap\">\n\t\t\t\t\t\t<div class=\"elementor-section elementor-inner-section elementor-element elementor-element-8e91f26 elementor-section-boxed elementor-section-height-default elementor-section-height-default\" data-id=\"8e91f26\" data-element_type=\"section\">\n\t\t\t\t\t\t<div class=\"elementor-container elementor-column-gap-no\">\n\t\t\t\t\t\t\t<div class=\"elementor-row\">\n\t\t\t\t\t<div class=\"elementor-column elementor-col-50 elementor-inner-column elementor-element elementor-element-1f068de animated-fast elementor-invisible\" data-id=\"1f068de\" data-element_type=\"column\" data-settings=\"{&quot;animation&quot;:&quot;opal-move-up&quot;}\">\n\t\t\t<div class=\"elementor-column-wrap elementor-element-populated\">\n\t\t\t\t\t\t\t<div class=\"elementor-widget-wrap\">\n\t\t\t\t\t\t<div class=\"elementor-element elementor-element-9c7ec6b elementor-widget elementor-widget-text-editor\" data-id=\"9c7ec6b\" data-element_type=\"widget\" data-widget_type=\"text-editor.default\">\n\t\t\t\t<div class=\"elementor-widget-container\">\n\t\t\t        <div class=\"elementor-text-editor elementor-clearfix\"><p>Auf dem Grundriss sind die Standpunkte rot markiert. Mit Klick auf dem Bildschirm und gedr\u00fcckter linker Maustaste ist es m\u00f6glich, einen Rundgang in der Wohnung zu machen.<\/p>\n<\/div>\n        \t\t<\/div>\n\t\t\t\t<\/div>\n\t\t\t\t\t\t<\/div>\n\t\t\t\t\t<\/div>\n\t\t<\/div>\n\t\t\t\t<div class=\"elementor-column elementor-col-50 elementor-inner-column elementor-element elementor-element-7966c9e animated-fast elementor-invisible\" data-id=\"7966c9e\" data-element_type=\"column\" data-settings=\"{&quot;animation&quot;:&quot;opal-move-up&quot;,&quot;animation_delay&quot;:150}\">\n\t\t\t<div class=\"elementor-column-wrap elementor-element-populated\">\n\t\t\t\t\t\t\t<div class=\"elementor-widget-wrap\">\n\t\t\t\t\t\t<div class=\"elementor-element elementor-element-7439a0d elementor-widget elementor-widget-text-editor\" data-id=\"7439a0d\" data-element_type=\"widget\" data-widget_type=\"text-editor.default\">\n\t\t\t\t<div class=\"elementor-widget-container\">\n\t\t\t        <div class=\"elementor-text-editor elementor-clearfix\"><p>Um die Sichtposition zu wechseln klickt man auf die weissen Pfeile oder auf einen roten Punkt im Plan. Mit einem mobilen Ger\u00e4t ist es m\u00f6glich, durch Bewegung des Ger\u00e4tes den Rundgang zu machen.<\/p>\n<\/div>\n        \t\t<\/div>\n\t\t\t\t<\/div>\n\t\t\t\t\t\t<\/div>\n\t\t\t\t\t<\/div>\n\t\t<\/div>\n\t\t\t\t\t\t\t\t<\/div>\n\t\t\t\t\t<\/div>\n\t\t<\/div>\n\t\t\t\t\t\t<\/div>\n\t\t\t\t\t<\/div>\n\t\t<\/div>\n\t\t\t\t\t\t\t\t<\/div>\n\t\t\t\t\t<\/div>\n\t\t<\/section>\n\t\t\t\t<section class=\"elementor-section elementor-top-section elementor-element elementor-element-f9ab5a0 elementor-hidden-phone elementor-section-boxed elementor-section-height-default elementor-section-height-default\" data-id=\"f9ab5a0\" data-element_type=\"section\">\n\t\t\t\t\t\t<div class=\"elementor-container elementor-column-gap-default\">\n\t\t\t\t\t\t\t<div class=\"elementor-row\">\n\t\t\t\t\t<div class=\"elementor-column elementor-col-100 elementor-top-column elementor-element elementor-element-ac09b32\" data-id=\"ac09b32\" data-element_type=\"column\">\n\t\t\t<div class=\"elementor-column-wrap elementor-element-populated\">\n\t\t\t\t\t\t\t<div class=\"elementor-widget-wrap\">\n\t\t\t\t\t\t<div class=\"elementor-element elementor-element-4e7699b elementor-button-primary elementor-widget elementor-widget-button\" data-id=\"4e7699b\" data-element_type=\"widget\" data-widget_type=\"button.default\">\n\t\t\t\t<div class=\"elementor-widget-container\">\n\t\t\t        <div class=\"elementor-button-wrapper\">\n            <a href=\"https:\/\/archi-locarno.ch\/tour360_WHG_16\/\" class=\"elementor-button-link elementor-button elementor-size-md\" target=\"_blank\" role=\"button\">\n                \t\t<span class=\"elementor-button-content-wrapper\">\n\t\t\t\t\t\t\t<span class=\"elementor-button-icon elementor-align-icon-right\">\n\t\t\t\t\t\t\t\t\t<i class=\"opal-icon-long-arrow-right\" aria-hidden=\"true\"><\/i>\n\t\t\t\t\t\t\t<\/span>\n\t\t\t\t\t\t<span class=\"elementor-button-text\">Virtual tour wohnung 16 full screen<\/span>\n\t\t<\/span>\n\t\t            <\/a>\n        <\/div>\n        \t\t<\/div>\n\t\t\t\t<\/div>\n\t\t\t\t\t\t<\/div>\n\t\t\t\t\t<\/div>\n\t\t<\/div>\n\t\t\t\t\t\t\t\t<\/div>\n\t\t\t\t\t<\/div>\n\t\t<\/section>\n\t\t\t\t\t\t\t\t\t<\/div>\n\t\t\t<\/div>\n\t\t\t\t\t<\/div>\n\t\t","protected":false},"excerpt":{"rendered":"<p>WOHNUNG 16 VIRTUAL TOUR 360 2 1\/2 zimmer &#8211; 77.60 m2 Wohnung 16 Klicke auf das Bild und der Virtual Tour wird auf dem Bildschirm ge\u00f6ffnet. Die Besichtigung beginnt im Wohnzimmer mit den hohen Fenstern und dem kleinen Balkon mit dem originalen, verspielten Gel\u00e4nder. Der Besuch f\u00fchrt in die K\u00fcche, welche mit modernen Ger\u00e4ten eingerichtet &hellip; <span class=\"more-link-wrap\"><a href=\"https:\/\/archi-locarno.ch\/de\/virtual-tour\/virtual-tour-wohnung-16\/\" class=\"more-link\">Read More <span class=\"screen-reader-text\"> &#8222;Virtual Tour Wohnung 16&#8220;<\/span><\/a><\/span><\/p>\n","protected":false},"author":2,"featured_media":5318,"parent":5312,"menu_order":0,"comment_status":"closed","ping_status":"closed","template":"","meta":{"inline_featured_image":false},"acf":[],"yoast_head":"<!-- This site is optimized with the Yoast SEO plugin v21.1 - https:\/\/yoast.com\/wordpress\/plugins\/seo\/ -->\n<title>Virtual Tour Wohnung 16 | Residenza Archi | Locarno<\/title>\n<meta name=\"description\" content=\"Virtuelle Besichtigung der ganzen Wohnung\" \/>\n<meta name=\"robots\" content=\"index, follow, max-snippet:-1, max-image-preview:large, max-video-preview:-1\" \/>\n<link rel=\"canonical\" href=\"https:\/\/archi-locarno.ch\/de\/virtual-tour\/virtual-tour-wohnung-16\/\" \/>\n<meta property=\"og:locale\" content=\"de_DE\" \/>\n<meta property=\"og:type\" content=\"article\" \/>\n<meta property=\"og:title\" content=\"Virtual Tour Wohnung 16 | Residenza Archi | Locarno\" \/>\n<meta property=\"og:description\" content=\"Virtuelle Besichtigung der ganzen Wohnung\" \/>\n<meta property=\"og:url\" content=\"https:\/\/archi-locarno.ch\/de\/virtual-tour\/virtual-tour-wohnung-16\/\" \/>\n<meta property=\"og:site_name\" content=\"Residenza Archi\" \/>\n<meta property=\"article:modified_time\" content=\"2020-02-07T13:29:34+00:00\" \/>\n<meta property=\"og:image\" content=\"https:\/\/archi-locarno.ch\/wp-content\/uploads\/2020\/01\/virtual-tour-app16_ArchiLocarno.png\" \/>\n\t<meta property=\"og:image:width\" content=\"850\" \/>\n\t<meta property=\"og:image:height\" content=\"520\" \/>\n\t<meta property=\"og:image:type\" content=\"image\/png\" \/>\n<meta name=\"twitter:card\" content=\"summary_large_image\" \/>\n<meta name=\"twitter:label1\" content=\"Gesch\u00e4tzte Lesezeit\" \/>\n\t<meta name=\"twitter:data1\" content=\"1\u00a0Minute\" \/>\n<script type=\"application\/ld+json\" class=\"yoast-schema-graph\">{\"@context\":\"https:\/\/schema.org\",\"@graph\":[{\"@type\":\"WebPage\",\"@id\":\"https:\/\/archi-locarno.ch\/de\/virtual-tour\/virtual-tour-wohnung-16\/\",\"url\":\"https:\/\/archi-locarno.ch\/de\/virtual-tour\/virtual-tour-wohnung-16\/\",\"name\":\"Virtual Tour Wohnung 16 | Residenza Archi | Locarno\",\"isPartOf\":{\"@id\":\"https:\/\/archi-locarno.ch\/#website\"},\"datePublished\":\"2020-01-26T02:19:47+00:00\",\"dateModified\":\"2020-02-07T13:29:34+00:00\",\"description\":\"Virtuelle Besichtigung der ganzen Wohnung\",\"breadcrumb\":{\"@id\":\"https:\/\/archi-locarno.ch\/de\/virtual-tour\/virtual-tour-wohnung-16\/#breadcrumb\"},\"inLanguage\":\"de\",\"potentialAction\":[{\"@type\":\"ReadAction\",\"target\":[\"https:\/\/archi-locarno.ch\/de\/virtual-tour\/virtual-tour-wohnung-16\/\"]}]},{\"@type\":\"BreadcrumbList\",\"@id\":\"https:\/\/archi-locarno.ch\/de\/virtual-tour\/virtual-tour-wohnung-16\/#breadcrumb\",\"itemListElement\":[{\"@type\":\"ListItem\",\"position\":1,\"name\":\"Home\",\"item\":\"https:\/\/archi-locarno.ch\/de\/\"},{\"@type\":\"ListItem\",\"position\":2,\"name\":\"Virtual Tour\",\"item\":\"https:\/\/archi-locarno.ch\/de\/virtual-tour\/\"},{\"@type\":\"ListItem\",\"position\":3,\"name\":\"Virtual Tour Wohnung 16\"}]},{\"@type\":\"WebSite\",\"@id\":\"https:\/\/archi-locarno.ch\/#website\",\"url\":\"https:\/\/archi-locarno.ch\/\",\"name\":\"Residenza Archi\",\"description\":\"Appartamenti in affitto a Locarno\",\"publisher\":{\"@id\":\"https:\/\/archi-locarno.ch\/#organization\"},\"potentialAction\":[{\"@type\":\"SearchAction\",\"target\":{\"@type\":\"EntryPoint\",\"urlTemplate\":\"https:\/\/archi-locarno.ch\/?s={search_term_string}\"},\"query-input\":\"required name=search_term_string\"}],\"inLanguage\":\"de\"},{\"@type\":\"Organization\",\"@id\":\"https:\/\/archi-locarno.ch\/#organization\",\"name\":\"Residenza Archi Locarno\",\"url\":\"https:\/\/archi-locarno.ch\/\",\"logo\":{\"@type\":\"ImageObject\",\"inLanguage\":\"de\",\"@id\":\"https:\/\/archi-locarno.ch\/#\/schema\/logo\/image\/\",\"url\":\"https:\/\/archi-locarno.ch\/wp-content\/uploads\/2020\/01\/logo-archi-512.png\",\"contentUrl\":\"https:\/\/archi-locarno.ch\/wp-content\/uploads\/2020\/01\/logo-archi-512.png\",\"width\":530,\"height\":512,\"caption\":\"Residenza Archi Locarno\"},\"image\":{\"@id\":\"https:\/\/archi-locarno.ch\/#\/schema\/logo\/image\/\"}}]}<\/script>\n<!-- \/ Yoast SEO plugin. -->","yoast_head_json":{"title":"Virtual Tour Wohnung 16 | Residenza Archi | Locarno","description":"Virtuelle Besichtigung der ganzen Wohnung","robots":{"index":"index","follow":"follow","max-snippet":"max-snippet:-1","max-image-preview":"max-image-preview:large","max-video-preview":"max-video-preview:-1"},"canonical":"https:\/\/archi-locarno.ch\/de\/virtual-tour\/virtual-tour-wohnung-16\/","og_locale":"de_DE","og_type":"article","og_title":"Virtual Tour Wohnung 16 | Residenza Archi | Locarno","og_description":"Virtuelle Besichtigung der ganzen Wohnung","og_url":"https:\/\/archi-locarno.ch\/de\/virtual-tour\/virtual-tour-wohnung-16\/","og_site_name":"Residenza Archi","article_modified_time":"2020-02-07T13:29:34+00:00","og_image":[{"width":850,"height":520,"url":"https:\/\/archi-locarno.ch\/wp-content\/uploads\/2020\/01\/virtual-tour-app16_ArchiLocarno.png","type":"image\/png"}],"twitter_card":"summary_large_image","twitter_misc":{"Gesch\u00e4tzte Lesezeit":"1\u00a0Minute"},"schema":{"@context":"https:\/\/schema.org","@graph":[{"@type":"WebPage","@id":"https:\/\/archi-locarno.ch\/de\/virtual-tour\/virtual-tour-wohnung-16\/","url":"https:\/\/archi-locarno.ch\/de\/virtual-tour\/virtual-tour-wohnung-16\/","name":"Virtual Tour Wohnung 16 | Residenza Archi | Locarno","isPartOf":{"@id":"https:\/\/archi-locarno.ch\/#website"},"datePublished":"2020-01-26T02:19:47+00:00","dateModified":"2020-02-07T13:29:34+00:00","description":"Virtuelle Besichtigung der ganzen Wohnung","breadcrumb":{"@id":"https:\/\/archi-locarno.ch\/de\/virtual-tour\/virtual-tour-wohnung-16\/#breadcrumb"},"inLanguage":"de","potentialAction":[{"@type":"ReadAction","target":["https:\/\/archi-locarno.ch\/de\/virtual-tour\/virtual-tour-wohnung-16\/"]}]},{"@type":"BreadcrumbList","@id":"https:\/\/archi-locarno.ch\/de\/virtual-tour\/virtual-tour-wohnung-16\/#breadcrumb","itemListElement":[{"@type":"ListItem","position":1,"name":"Home","item":"https:\/\/archi-locarno.ch\/de\/"},{"@type":"ListItem","position":2,"name":"Virtual Tour","item":"https:\/\/archi-locarno.ch\/de\/virtual-tour\/"},{"@type":"ListItem","position":3,"name":"Virtual Tour Wohnung 16"}]},{"@type":"WebSite","@id":"https:\/\/archi-locarno.ch\/#website","url":"https:\/\/archi-locarno.ch\/","name":"Residenza Archi","description":"Appartamenti in affitto a Locarno","publisher":{"@id":"https:\/\/archi-locarno.ch\/#organization"},"potentialAction":[{"@type":"SearchAction","target":{"@type":"EntryPoint","urlTemplate":"https:\/\/archi-locarno.ch\/?s={search_term_string}"},"query-input":"required name=search_term_string"}],"inLanguage":"de"},{"@type":"Organization","@id":"https:\/\/archi-locarno.ch\/#organization","name":"Residenza Archi Locarno","url":"https:\/\/archi-locarno.ch\/","logo":{"@type":"ImageObject","inLanguage":"de","@id":"https:\/\/archi-locarno.ch\/#\/schema\/logo\/image\/","url":"https:\/\/archi-locarno.ch\/wp-content\/uploads\/2020\/01\/logo-archi-512.png","contentUrl":"https:\/\/archi-locarno.ch\/wp-content\/uploads\/2020\/01\/logo-archi-512.png","width":530,"height":512,"caption":"Residenza Archi Locarno"},"image":{"@id":"https:\/\/archi-locarno.ch\/#\/schema\/logo\/image\/"}}]}},"_links":{"self":[{"href":"https:\/\/archi-locarno.ch\/de\/wp-json\/wp\/v2\/pages\/5328"}],"collection":[{"href":"https:\/\/archi-locarno.ch\/de\/wp-json\/wp\/v2\/pages"}],"about":[{"href":"https:\/\/archi-locarno.ch\/de\/wp-json\/wp\/v2\/types\/page"}],"author":[{"embeddable":true,"href":"https:\/\/archi-locarno.ch\/de\/wp-json\/wp\/v2\/users\/2"}],"replies":[{"embeddable":true,"href":"https:\/\/archi-locarno.ch\/de\/wp-json\/wp\/v2\/comments?post=5328"}],"version-history":[{"count":7,"href":"https:\/\/archi-locarno.ch\/de\/wp-json\/wp\/v2\/pages\/5328\/revisions"}],"predecessor-version":[{"id":5355,"href":"https:\/\/archi-locarno.ch\/de\/wp-json\/wp\/v2\/pages\/5328\/revisions\/5355"}],"up":[{"embeddable":true,"href":"https:\/\/archi-locarno.ch\/de\/wp-json\/wp\/v2\/pages\/5312"}],"wp:featuredmedia":[{"embeddable":true,"href":"https:\/\/archi-locarno.ch\/de\/wp-json\/wp\/v2\/media\/5318"}],"wp:attachment":[{"href":"https:\/\/archi-locarno.ch\/de\/wp-json\/wp\/v2\/media?parent=5328"}],"curies":[{"name":"wp","href":"https:\/\/api.w.org\/{rel}","templated":true}]}}